{"id":3491,"date":"2023-12-18T17:28:30","date_gmt":"2023-12-18T16:28:30","guid":{"rendered":"https:\/\/www.asso-1901.fr\/s3a\/?page_id=3491"},"modified":"2023-12-18T17:31:28","modified_gmt":"2023-12-18T16:31:28","slug":"journee-mondiale-du-benevolat","status":"publish","type":"page","link":"https:\/\/www.asso-1901.fr\/s3a\/journee-mondiale-du-benevolat\/","title":{"rendered":"Journ\u00e9e mondiale du b\u00e9n\u00e9volat"},"content":{"rendered":"\n<h1 class=\"wp-block-heading\"><strong>Journ\u00e9e mondiale du b\u00e9n\u00e9volat 5 d\u00e9cembre 2023&nbsp;\u00e0 la Maison des Associations d\u2019H\u00e9rouville-Saint-Clair<\/strong><\/h1>\n\n\n\n<figure class=\"wp-block-image size-large\"><img fetchpriority=\"high\" decoding=\"async\" width=\"1024\" height=\"683\" src=\"https:\/\/www.asso-1901.fr\/s3a\/wp-content\/uploads\/2023\/12\/2F3A9997-1-1024x683.jpg\" alt=\"\" class=\"wp-image-3493\" srcset=\"https:\/\/www.asso-1901.fr\/s3a\/wp-content\/uploads\/2023\/12\/2F3A9997-1-1024x683.jpg 1024w, https:\/\/www.asso-1901.fr\/s3a\/wp-content\/uploads\/2023\/12\/2F3A9997-1-300x200.jpg 300w, https:\/\/www.asso-1901.fr\/s3a\/wp-content\/uploads\/2023\/12\/2F3A9997-1-768x512.jpg 768w, https:\/\/www.asso-1901.fr\/s3a\/wp-content\/uploads\/2023\/12\/2F3A9997-1.jpg 1080w\" sizes=\"(max-width: 1024px) 100vw, 1024px\" \/><figcaption class=\"wp-element-caption\">Photos: ville d&rsquo;H\u00e9rouville Saint-Clair<\/figcaption><\/figure>\n\n\n\n<h1 class=\"wp-block-heading\"><strong>Le b\u00e9n\u00e9volat des jeunes, mythe ou r\u00e9alit\u00e9&nbsp;?<\/strong><\/h1>\n\n\n\n<p>La soir\u00e9e a \u00e9t\u00e9 organis\u00e9e par S3A et co-anim\u00e9e par une salari\u00e9e et une b\u00e9n\u00e9vole membre du conseil d&rsquo;administration et s\u2019est d\u00e9roul\u00e9e \u00e0 la Maison des Associations le 5 d\u00e9cembre dernier. Elle s\u2019est d\u00e9roul\u00e9e en deux temps, d\u2019abord une table ronde avec diff\u00e9rents intervenants associatifs, puis un moment d\u2019\u00e9change avec des jeunes b\u00e9n\u00e9voles.<\/p>\n\n\n\n<p>La table ronde a permis de mettre en avant diff\u00e9rentes questions comme&nbsp;:<\/p>\n\n\n\n<p>&nbsp;&nbsp; -Pourquoi les jeunes&nbsp;?<\/p>\n\n\n\n<p>&nbsp;&nbsp; -Comment accueillir un jeune et s\u2019adapter&nbsp;?<\/p>\n\n\n\n<p>&nbsp;&nbsp; -Quelles sont les limites de l\u2019adaptation&nbsp;?<\/p>\n\n\n\n<p>Afin de r\u00e9pondre \u00e0 la question&nbsp;: <strong><em>Comment faire venir les jeunes dans nos associations&nbsp;?<\/em><\/strong><\/p>\n\n\n\n<p>Pour \u00e9changer autour de ces questions nous avons pu compter sur Isma\u00eblle LEGROS, directrice du FJT horizon \u00e0 H\u00e9rouville-Saint-Clair et tr\u00e9sori\u00e8re de l\u2019Union R\u00e9gionale habitat jeunes (URHAJ), Pierre-Jean HARDY d\u00e9l\u00e9gu\u00e9 territorial pour l\u2019AFEV \u00e0 Caen et Mona GORCE, coordinatrice des d\u00e9marches d\u2019accompagnement \u00e0 l\u2019engagement au sein de l\u2019association Ast\u00e9rya \u00e0 Paris.<\/p>\n\n\n\n<figure class=\"wp-block-image size-large is-resized\"><img decoding=\"async\" width=\"1024\" height=\"683\" src=\"https:\/\/www.asso-1901.fr\/s3a\/wp-content\/uploads\/2023\/12\/2F3A0006-1024x683.jpg\" alt=\"\" class=\"wp-image-3494\" style=\"width:842px;height:auto\" srcset=\"https:\/\/www.asso-1901.fr\/s3a\/wp-content\/uploads\/2023\/12\/2F3A0006-1024x683.jpg 1024w, https:\/\/www.asso-1901.fr\/s3a\/wp-content\/uploads\/2023\/12\/2F3A0006-300x200.jpg 300w, https:\/\/www.asso-1901.fr\/s3a\/wp-content\/uploads\/2023\/12\/2F3A0006-768x512.jpg 768w, https:\/\/www.asso-1901.fr\/s3a\/wp-content\/uploads\/2023\/12\/2F3A0006.jpg 1080w\" sizes=\"(max-width: 1024px) 100vw, 1024px\" \/><figcaption class=\"wp-element-caption\">Photos: ville d&rsquo;H\u00e9rouville Saint-Clair<\/figcaption><\/figure>\n\n\n\n<p>Tout d\u2019abord, on a pu voir avec les diff\u00e9rentes interventions que plusieurs d\u00e9marches sont possibles pour faire venir des jeunes b\u00e9n\u00e9voles dans son association&nbsp;:<\/p>\n\n\n\n<ul class=\"wp-block-list\">\n<li>Stand associatif sur les campus\/lyc\u00e9es, festivals<\/li>\n\n\n\n<li>Communication sur les r\u00e9seaux sociaux<\/li>\n\n\n\n<li>Animations, ateliers<\/li>\n\n\n\n<li>Co-organisation de voyages<\/li>\n\n\n\n<li>Ev\u00e8nement annuel associatif<\/li>\n\n\n\n<li>Organiser\/co-organiser des \u00e9v\u00e8nements<\/li>\n<\/ul>\n\n\n\n<p>Toutes ces actions constitueraient des temps d\u2019\u00e9changes et de convivialit\u00e9 avec les jeunes. Puis Mona nous a parl\u00e9 du guide cr\u00e9\u00e9 par Ast\u00e9rya, \u00ab&nbsp;le guide pour agir&nbsp;\u00bb qui permet de trouver les cl\u00e9s pour s\u2019engager avec des propositions et contacts d\u2019associations ainsi que des t\u00e9moignages.<\/p>\n\n\n\n<p>Diff\u00e9rentes id\u00e9es ont ensuite \u00e9t\u00e9 mises en avant pour adapter son association aux jeunes&nbsp;:<\/p>\n\n\n\n<ul class=\"wp-block-list\">\n<li>Parlement des jeunes (s\u2019exprimer librement)<\/li>\n\n\n\n<li>Parler de l\u2019essentiel en r\u00e9union\/favoriser la visioconf\u00e9rence<\/li>\n\n\n\n<li>Laisser un espace ouvert aux jeunes pour apporter des projets<\/li>\n\n\n\n<li>Accueil caf\u00e9 (int\u00e9grer le jeune plus facilement)<\/li>\n<\/ul>\n\n\n\n<p>Il faut trouver le bon format d\u2019\u00e9v\u00e8nement afin de faire \u00e9voluer la mani\u00e8re de communiquer car les associations ont besoin de jeunes pour attirer les jeunes.<\/p>\n\n\n\n<p>Ensuite, nous avons \u00e9chang\u00e9 avec Ergie SOUDATI anciennement b\u00e9n\u00e9vole \u00e0 la Croix Rouge, Ambre MARIE colocataire et b\u00e9n\u00e9vole \u00e0 l\u2019AFEV et S\u00e9verine MARIETTE b\u00e9n\u00e9vole \u00e0 plusieurs reprises pour le festival Beauregard et membre du CVS du foyer jeune travailleur horizon.<\/p>\n\n\n\n<p>Ce qui leur a donn\u00e9 envie de s\u2019engager c\u2019est&nbsp;:<\/p>\n\n\n\n<ul class=\"wp-block-list\">\n<li>le temps libre pour le faire &nbsp;<\/li>\n\n\n\n<li>se sentir utile \u00e0 une cause<\/li>\n\n\n\n<li>cr\u00e9er du lien social<\/li>\n\n\n\n<li>s\u2019\u00e9vader du quotidien<\/li>\n\n\n\n<li>la convivialit\u00e9 au sein des associations<\/li>\n<\/ul>\n\n\n\n<p>D\u2019apr\u00e8s eux les points positifs du b\u00e9n\u00e9volat sont les m\u00eames points qui les ont pouss\u00e9s \u00e0 s\u2019engager, plus le fait que \u00e7a donne de l\u2019assurance.<\/p>\n\n\n\n<p>Ce qui peut attirer les jeunes, selon eux, c\u2019est la pr\u00e9sence de stand associatif sur les temps festifs et le b\u00e9n\u00e9volat ponctuel.<\/p>\n\n\n\n<p>Ils pensent que ce n\u2019est pas un frein d\u2019aller dans une association o\u00f9 on est le plus jeune car le plus important est la bienveillance entre les diff\u00e9rents membres et le bon accueil des jeunes.<\/p>\n\n\n\n<p>Le b\u00e9n\u00e9volat doit \u00eatre mis en avant gr\u00e2ce \u00e0 tous ces outils car il permet aux jeunes d\u2019\u00eatre accompagn\u00e9s au sein d\u2019une structure et de se responsabiliser. S\u2019engager permet de d\u00e9velopper des comp\u00e9tences et de mettre en pratique des comp\u00e9tences qui seront mises en avant et valoris\u00e9es dans la future recherche professionnelle du jeune. Le b\u00e9n\u00e9vole apporte quelque chose \u00e0 l\u2019association et a de la valeur en \u00e9tant membre d\u2019un collectif.<\/p>\n\n\n\n<p><strong>Quelques chiffres du b\u00e9n\u00e9volat jeune&nbsp;:<\/strong><\/p>\n\n\n\n<ul class=\"wp-block-list\">\n<li>3 jeunes sur 10 ont donn\u00e9 du temps b\u00e9n\u00e9volement pour une association en 2021 (INJEP)<\/li>\n\n\n\n<li>21,7% des 16-30 ans d\u00e9clarent avoir \u00e9t\u00e9 b\u00e9n\u00e9vole dans une association au moins une fois par semaine et 5,8% moins d\u2019une fois par semaine.<\/li>\n\n\n\n<li>1 pr\u00e9sident sur 25 \u00e0 moins de 30 ans.<\/li>\n<\/ul>\n\n\n\n<figure class=\"wp-block-gallery has-nested-images columns-default is-cropped wp-block-gallery-1 is-layout-flex wp-block-gallery-is-layout-flex\">\n<figure class=\"wp-block-image size-large\"><img decoding=\"async\" width=\"1024\" height=\"683\" data-id=\"3495\" src=\"https:\/\/www.asso-1901.fr\/s3a\/wp-content\/uploads\/2023\/12\/2F3A0007-1024x683.jpg\" alt=\"\" class=\"wp-image-3495\" srcset=\"https:\/\/www.asso-1901.fr\/s3a\/wp-content\/uploads\/2023\/12\/2F3A0007-1024x683.jpg 1024w, https:\/\/www.asso-1901.fr\/s3a\/wp-content\/uploads\/2023\/12\/2F3A0007-300x200.jpg 300w, https:\/\/www.asso-1901.fr\/s3a\/wp-content\/uploads\/2023\/12\/2F3A0007-768x512.jpg 768w, https:\/\/www.asso-1901.fr\/s3a\/wp-content\/uploads\/2023\/12\/2F3A0007.jpg 1080w\" sizes=\"(max-width: 1024px) 100vw, 1024px\" \/><figcaption class=\"wp-element-caption\">Photos: ville d&rsquo;H\u00e9rouville Saint-Clair<\/figcaption><\/figure>\n\n\n\n<figure class=\"wp-block-image size-large\"><img loading=\"lazy\" decoding=\"async\" width=\"1024\" height=\"683\" data-id=\"3496\" src=\"https:\/\/www.asso-1901.fr\/s3a\/wp-content\/uploads\/2023\/12\/2F3A9996-1024x683.jpg\" alt=\"\" class=\"wp-image-3496\" srcset=\"https:\/\/www.asso-1901.fr\/s3a\/wp-content\/uploads\/2023\/12\/2F3A9996-1024x683.jpg 1024w, https:\/\/www.asso-1901.fr\/s3a\/wp-content\/uploads\/2023\/12\/2F3A9996-300x200.jpg 300w, https:\/\/www.asso-1901.fr\/s3a\/wp-content\/uploads\/2023\/12\/2F3A9996-768x512.jpg 768w, https:\/\/www.asso-1901.fr\/s3a\/wp-content\/uploads\/2023\/12\/2F3A9996.jpg 1080w\" sizes=\"(max-width: 1024px) 100vw, 1024px\" \/><figcaption class=\"wp-element-caption\">Photos: ville d&rsquo;H\u00e9rouville Saint-Clair<\/figcaption><\/figure>\n<\/figure>\n\n\n\n<div style=\"height:46px\" aria-hidden=\"true\" class=\"wp-block-spacer\"><\/div>\n\n\n\n<p class=\"has-text-align-right\">Compte-rendu r\u00e9alis\u00e9 par Gwena\u00eblle LE MEN,<\/p>\n\n\n\n<p class=\"has-text-align-right\">volontaire en service civique \u00e0 S3A sur une mission<\/p>\n\n\n\n<p class=\"has-text-align-right\">\u00ab&nbsp;promouvoir l\u2019engagement des jeunes&nbsp;\u00bb<\/p>\n","protected":false},"excerpt":{"rendered":"<p>Journ\u00e9e mondiale du b\u00e9n\u00e9volat 5 d\u00e9cembre 2023&nbsp;\u00e0 la Maison des Associations d\u2019H\u00e9rouville-Saint-Clair Le b\u00e9n\u00e9volat des jeunes, mythe ou r\u00e9alit\u00e9&nbsp;? La soir\u00e9e a \u00e9t\u00e9 organis\u00e9e par S3A et co-anim\u00e9e par une salari\u00e9e et une b\u00e9n\u00e9vole membre du conseil d&rsquo;administration et s\u2019est d\u00e9roul\u00e9e \u00e0 la Maison des Associations le 5 d\u00e9cembre dernier. Elle s\u2019est d\u00e9roul\u00e9e en deux [&hellip;]<\/p>\n","protected":false},"author":1,"featured_media":0,"parent":0,"menu_order":0,"comment_status":"closed","ping_status":"closed","template":"","meta":{"ocean_post_layout":"","ocean_both_sidebars_style":"","ocean_both_sidebars_content_width":0,"ocean_both_sidebars_sidebars_width":0,"ocean_sidebar":"","ocean_second_sidebar":"","ocean_disable_margins":"enable","ocean_add_body_class":"","ocean_shortcode_before_top_bar":"","ocean_shortcode_after_top_bar":"","ocean_shortcode_before_header":"","ocean_shortcode_after_header":"","ocean_has_shortcode":"","ocean_shortcode_after_title":"","ocean_shortcode_before_footer_widgets":"","ocean_shortcode_after_footer_widgets":"","ocean_shortcode_before_footer_bottom":"","ocean_shortcode_after_footer_bottom":"","ocean_display_top_bar":"default","ocean_display_header":"default","ocean_header_style":"","ocean_center_header_left_menu":"","ocean_custom_header_template":"","ocean_custom_logo":0,"ocean_custom_retina_logo":0,"ocean_custom_logo_max_width":0,"ocean_custom_logo_tablet_max_width":0,"ocean_custom_logo_mobile_max_width":0,"ocean_custom_logo_max_height":0,"ocean_custom_logo_tablet_max_height":0,"ocean_custom_logo_mobile_max_height":0,"ocean_header_custom_menu":"","ocean_menu_typo_font_family":"","ocean_menu_typo_font_subset":"","ocean_menu_typo_font_size":0,"ocean_menu_typo_font_size_tablet":0,"ocean_menu_typo_font_size_mobile":0,"ocean_menu_typo_font_size_unit":"px","ocean_menu_typo_font_weight":"","ocean_menu_typo_font_weight_tablet":"","ocean_menu_typo_font_weight_mobile":"","ocean_menu_typo_transform":"","ocean_menu_typo_transform_tablet":"","ocean_menu_typo_transform_mobile":"","ocean_menu_typo_line_height":0,"ocean_menu_typo_line_height_tablet":0,"ocean_menu_typo_line_height_mobile":0,"ocean_menu_typo_line_height_unit":"","ocean_menu_typo_spacing":0,"ocean_menu_typo_spacing_tablet":0,"ocean_menu_typo_spacing_mobile":0,"ocean_menu_typo_spacing_unit":"","ocean_menu_link_color":"","ocean_menu_link_color_hover":"","ocean_menu_link_color_active":"","ocean_menu_link_background":"","ocean_menu_link_hover_background":"","ocean_menu_link_active_background":"","ocean_menu_social_links_bg":"","ocean_menu_social_hover_links_bg":"","ocean_menu_social_links_color":"","ocean_menu_social_hover_links_color":"","ocean_disable_title":"on","ocean_disable_heading":"default","ocean_post_title":"","ocean_post_subheading":"","ocean_post_title_style":"","ocean_post_title_background_color":"","ocean_post_title_background":0,"ocean_post_title_bg_image_position":"","ocean_post_title_bg_image_attachment":"","ocean_post_title_bg_image_repeat":"","ocean_post_title_bg_image_size":"","ocean_post_title_height":0,"ocean_post_title_bg_overlay":0.5,"ocean_post_title_bg_overlay_color":"","ocean_disable_breadcrumbs":"default","ocean_breadcrumbs_color":"","ocean_breadcrumbs_separator_color":"","ocean_breadcrumbs_links_color":"","ocean_breadcrumbs_links_hover_color":"","ocean_display_footer_widgets":"default","ocean_display_footer_bottom":"default","ocean_custom_footer_template":"","footnotes":""},"class_list":["post-3491","page","type-page","status-publish","hentry","entry"],"_links":{"self":[{"href":"https:\/\/www.asso-1901.fr\/s3a\/wp-json\/wp\/v2\/pages\/3491","targetHints":{"allow":["GET"]}}],"collection":[{"href":"https:\/\/www.asso-1901.fr\/s3a\/wp-json\/wp\/v2\/pages"}],"about":[{"href":"https:\/\/www.asso-1901.fr\/s3a\/wp-json\/wp\/v2\/types\/page"}],"author":[{"embeddable":true,"href":"https:\/\/www.asso-1901.fr\/s3a\/wp-json\/wp\/v2\/users\/1"}],"replies":[{"embeddable":true,"href":"https:\/\/www.asso-1901.fr\/s3a\/wp-json\/wp\/v2\/comments?post=3491"}],"version-history":[{"count":3,"href":"https:\/\/www.asso-1901.fr\/s3a\/wp-json\/wp\/v2\/pages\/3491\/revisions"}],"predecessor-version":[{"id":3501,"href":"https:\/\/www.asso-1901.fr\/s3a\/wp-json\/wp\/v2\/pages\/3491\/revisions\/3501"}],"wp:attachment":[{"href":"https:\/\/www.asso-1901.fr\/s3a\/wp-json\/wp\/v2\/media?parent=3491"}],"curies":[{"name":"wp","href":"https:\/\/api.w.org\/{rel}","templated":true}]}}